{"id":3,"date":"2023-08-07T09:55:25","date_gmt":"2023-08-07T07:55:25","guid":{"rendered":"http:\/\/brainmade-simple.test\/?page_id=3"},"modified":"2023-12-21T15:40:03","modified_gmt":"2023-12-21T14:40:03","slug":"politique-de-confidentialite","status":"publish","type":"page","link":"https:\/\/www.brainmade.agency\/en\/politique-de-confidentialite\/","title":{"rendered":"Politique de confidentialit\u00e9"},"content":{"rendered":"<p>Cette Politique de confidentialit\u00e9 est propre \u00e0 l&#8217;agence BRAINMADE et d\u00e9finit comment nous utilisons, sauvegardons et prot\u00e9geons toutes les informations que vous nous transmettez lorsque vous utilisez notre site internet et nos outils en ligne.<br \/>Toutes questions concernant notre politique de confidentialit\u00e9 peuvent \u00eatre envoy\u00e9es \u00e0 <a href=\"mailto:agency@brainmade.io\">agency@brainmade.io<\/a><\/p>\n<h2>Qu&#8217;entend-on par donn\u00e9es personnelles ?<\/h2>\n<p>Selon l\u2019article 1er de la loi du 8 d\u00e9cembre 1992, les donn\u00e9es personnelles visent \u00ab toute information concernant une personne physique identifi\u00e9e ou identifiable \u00bb.<br \/>Il s&#8217;agira, par exemple, de votre nom, adresse, num\u00e9ro de t\u00e9l\u00e9phone, num\u00e9ro de registre national, adresse e-mail, photo, etc. Par ailleurs, les donn\u00e9es \u00e0 caract\u00e8re personnel ne concernent pas seulement les informations relatives \u00e0 la vie priv\u00e9e mais \u00e9galement les donn\u00e9es relatives \u00e0 la vie professionnelle ou publique d&#8217;une personne. Par contre, seules les informations portant sur une personne physique et non celles portant sur une personne morale ou sur une association, sont prises en compte.<\/p>\n<h2>Comment vos informations sont-elles collect\u00e9es et quelles sont-elles ?<\/h2>\n<p>Nous collectons uniquement les donn\u00e9es personnelles d&#8217;identit\u00e9 et de contact que vous nous renseignez en vous enregistrant via notre formulaire de contact :<\/p>\n<ul>\n<li>Nom<\/li>\n<li>Pr\u00e9nom<\/li>\n<li>T\u00e9l\u00e9phone<\/li>\n<li>Email<\/li>\n<\/ul>\n<p>Ces donn\u00e9es sont stock\u00e9es dans notre base de donn\u00e9es. Nous ne vendrons, ne distribuerons ou ne partagerons jamais vos informations avec une tierce partie.<\/p>\n<h2>Informations partag\u00e9es avec des tiers :<\/h2>\n<p>Nous utilisons les services suivants :<\/p>\n<ul>\n<li>Les plateformes News On et Mailchimp utiles \u00e0 l&#8217;\u00e9dition et \u00e0 la gestion de nos newsletters \u00e9lectroniques<\/li>\n<li>L&#8217;outil Sendgrid qui g\u00e8re les envois et la s\u00e9curit\u00e9 de nos campagnes d&#8217;e-mailings<\/li>\n<\/ul>\n<p>Il est important de noter que certaines de ces soci\u00e9t\u00e9s h\u00e9bergent leurs donn\u00e9es aux Etats-Unis, mais se conforment aux l\u00e9gislations europ\u00e9enne et belge en mati\u00e8re de protection de la vie priv\u00e9e, dont le traitement des donn\u00e9es personnelles, sur base des \u2018Safe Harbor Principles\u2019.<\/p>\n<h2>Fichier de log et adresse IP<\/h2>\n<p>Quand vous visitez notre site internet, nous enregistrons automatiquement votre adresse IP qui est automatiquement reconnue par notre serveur internet. Nous utilisons les adresses IP pour nous aider \u00e0 administrer notre site internet et pour collecter des informations d\u00e9mographiques. Nous ne relions pas les adresses IP \u00e0 des personnes physiquement identifiables.<\/p>\n<h2>Utilisation de cookies<\/h2>\n<p>En visitant notre site internet <a href=\"http:\/\/www.brainmade.agency\">www.brainmade.agency<\/a>, vous vous exposez au placement de certains cookies sur le disque dur de votre ordinateur et ce, uniquement \u00e0 des fins de statistiques. En effet, nous utilisons des cookies Google Analytics afin d\u2019\u00e9valuer l\u2019efficacit\u00e9 de nos publicit\u00e9s et l&#8217;exp\u00e9rience utilisateurs via notre site internet. Bien que ce soit Google Analytics qui enregistre pour nous les informations fournies par notre site, nous contr\u00f4lons l\u2019utilisation de ces donn\u00e9es. Voici la liste des cookies utilis\u00e9s sur notre site internet \u00e0 des fins de statistiques :<\/p>\n<h2>First party cookies utilis\u00e9s par BRAINMADE<\/h2>\n<table>\n<tbody>\n<tr>\n<td><strong>Type de cookie<\/strong><\/td>\n<td><strong>Objectif<\/strong><\/td>\n<td><strong>D\u00e9nomination du cookie<\/strong><\/td>\n<td><strong>Dur\u00e9e de stockage<\/strong><\/td>\n<\/tr>\n<tr>\n<td style=\"text-align: left; vertical-align: middle;\">Google Analytics<\/td>\n<td style=\"text-align: left; vertical-align: middle;\">Fonctionnel<\/td>\n<td style=\"text-align: left; vertical-align: middle;\">_ga<\/td>\n<td style=\"text-align: left; vertical-align: middle;\">Cookie de session<\/td>\n<\/tr>\n<tr>\n<td style=\"text-align: left; vertical-align: middle;\">Google Analytics<\/td>\n<td style=\"text-align: left; vertical-align: middle;\">Fonctionnel<\/td>\n<td style=\"text-align: left; vertical-align: middle;\">_gid<\/td>\n<td style=\"text-align: left; vertical-align: middle;\">Cookie de session<\/td>\n<\/tr>\n<tr>\n<td style=\"text-align: left; vertical-align: middle;\">Google Analytics<\/td>\n<td style=\"text-align: left; vertical-align: middle;\">Fonctionnel<\/td>\n<td style=\"text-align: left; vertical-align: middle;\">_gat<\/td>\n<td style=\"text-align: left; vertical-align: middle;\">Cookie de session<\/td>\n<\/tr>\n<\/tbody>\n<\/table>\n<p>Les cookies sont de petits fichiers qu&#8217;un site internet transf\u00e8re sur votre disque dur pour stocker et parfois tracer de l&#8217;information sur votre profil. Si vous le souhaitez, vous pouvez les d\u00e9sactiver totalement en configurant les param\u00e8tres de votre navigateur, comme suit :<\/p>\n<h3><strong>Via le navigateur &#8211; Microsoft Internet Explorer<\/strong><\/h3>\n<ul>\n<li>Dans Internet Explorer, cliquez sur l\u2019onglet Outils (petite roue crant\u00e9e en haut \u00e0 droite de votre \u00e9cran) et cliquez sur \u2019Options Internet\u2019.<\/li>\n<li>S\u00e9lectionnez l\u2019onglet \u2019Confidentialit\u00e9\u2019. Cliquer sur \u2018Avanc\u00e9\u2019. Choisissez la mani\u00e8re dont les cookies internes et tierce partie sont g\u00e9r\u00e9s : Accepter\/Refuser\/Demander. Cliquer \u2018Refuser\u2019 dans les 2 colonnes rejette les cookies.<\/li>\n<li>Cliquez sur \u2018OK\u2019.<\/li>\n<\/ul>\n<h3><strong>Via le navigateur &#8211; Mozilla Firefox<\/strong><\/h3>\n<ul>\n<li>Cliquez sur \u2019Firefox\u2019 dans le coin sup\u00e9rieur gauche de votre navigateur et cliquez ensuite sur \u2019Options\u2019.<\/li>\n<li>Dans l\u2019onglet \u2019Vie priv\u00e9e\u2019, assurez-vous que la phrase \u2019Toujours activer Ne pas me pister\u2019 n\u2019est pas coch\u00e9e.<\/li>\n<li>Cliquez sur \u2018OK\u2019.<\/li>\n<\/ul>\n<h3><strong>Via le navigateur &#8211; Google Chrome<\/strong><\/h3>\n<ul>\n<li>Cliquez sur \u2019Personnaliser et contr\u00f4ler Google Chrome\u2019 en haut \u00e0 droite de votre \u00e9cran. Cliquez sur \u2019Param\u00e8tres\u2019 et ensuite sur \u2019Param\u00e8tres avanc\u00e9s\u2019.<\/li>\n<li>Dans l\u2019onglet \u2019Confidentialit\u00e9 et s\u00e9curit\u00e9\u2019, cliquez sur \u2019Param\u00e8tres du contenu\u2019 et ensuite cliquez sur \u2019Cookies\u2019.<\/li>\n<li>Ensuite, s\u00e9lectionnez \u2019Autoriser les sites \u00e0 enregistrer et \u00e0 lire les donn\u00e9es des cookies (recommand\u00e9)\u2019.<\/li>\n<\/ul>\n<h3><strong>Via le navigateur &#8211; Safari<\/strong><\/h3>\n<ul>\n<li>Choisissez \u2019Pr\u00e9f\u00e9rences\u2019 dans le menu (Le menu se situe en haut \u00e0 droite dans la fen\u00eatre Safari et ressemble \u00e0 une roue crant\u00e9e ou cliquez sur \u2019Safari\u2019 dans R\u00e9glages.<\/li>\n<li>Cliquez sur l\u2019onglet \u2019Confidentialit\u00e9 et S\u00e9curit\u00e9\u2019. Cherchez la section intitul\u00e9e \u2019Cookies et donn\u00e9es de sites web\u2019.<\/li>\n<li>Confirmez la transaction et attendez la confirmation que tous les cookies ont \u00e9t\u00e9 supprim\u00e9s.<\/li>\n<\/ul>\n<p>Ou consultez la fonction Aide de votre navigateur Internet.<\/p>\n<h2>S\u00e9curit\u00e9 &amp; Protection de donn\u00e9es<\/h2>\n<p>Pour BRAINMADE, la protection de toute information et donc de la vie priv\u00e9e, est une n\u00e9cessit\u00e9 absolue.<br \/>Nous avons mis en place des mesures de s\u00e9curit\u00e9 pour permettre de prot\u00e9ger la perte, la corruption ou l&#8217;alt\u00e9ration des donn\u00e9es clients sous notre contr\u00f4le. Chaque utilisateur peut \u00eatre assur\u00e9 que BRAINMADE traite ses donn\u00e9es personnelles de mani\u00e8re totalement transparente et l\u00e9gitimes, comme expliqu\u00e9 ci-dessus. Cependant, nous ne pouvons en aucun cas assurer ou garantir qu&#8217;une perte, un mauvais usage ou une alt\u00e9ration ne se produira pas, nous nous effor\u00e7ons cependant de les pr\u00e9venir.<\/p>\n<h2>O\u00f9 sont stock\u00e9es nos informations ?<\/h2>\n<p>L&#8217;information que vous envoyez via notre site internet est stock\u00e9e sur un serveur s\u00e9curis\u00e9 situ\u00e9 dans l&#8217;Union Economique Europ\u00e9enne, plus sp\u00e9cifiquement en France aupr\u00e8s de la soci\u00e9t\u00e9 OVH. <em>Cette politique de confidentialit\u00e9 est en place depuis ce 1er mai 2018.<\/em><\/p>\n","protected":false},"excerpt":{"rendered":"<p>Cette Politique de confidentialit\u00e9 est propre \u00e0 l&#8217;agence BRAINMADE et d\u00e9finit comment nous utilisons, sauvegardons et prot\u00e9geons toutes les informations que vous nous transmettez lorsque vous utilisez notre site internet et nos outils en ligne.Toutes questions concernant notre politique de confidentialit\u00e9 peuvent \u00eatre envoy\u00e9es \u00e0 agency@brainmade.io Qu&#8217;entend-on par donn\u00e9es personnelles ? Selon l\u2019article 1er de [&hellip;]<\/p>\n","protected":false},"author":1,"featured_media":0,"parent":0,"menu_order":0,"comment_status":"closed","ping_status":"closed","template":"template-pages\/template-confidentialite.php","meta":{"_acf_changed":false,"inline_featured_image":false,"footnotes":""},"class_list":["post-3","page","type-page","status-publish","hentry"],"acf":[],"yoast_head":"<!-- This site is optimized with the Yoast SEO plugin v27.5 - https:\/\/yoast.com\/product\/yoast-seo-wordpress\/ -->\n<title>Politique de confidentialit\u00e9 - Brainmade<\/title>\n<meta name=\"robots\" content=\"index, follow, max-snippet:-1, max-image-preview:large, max-video-preview:-1\" \/>\n<link rel=\"canonical\" href=\"https:\/\/www.brainmade.agency\/en\/politique-de-confidentialite\/\" \/>\n<meta property=\"og:locale\" content=\"en_US\" \/>\n<meta property=\"og:type\" content=\"article\" \/>\n<meta property=\"og:title\" content=\"Politique de confidentialit\u00e9 - Brainmade\" \/>\n<meta property=\"og:description\" content=\"Cette Politique de confidentialit\u00e9 est propre \u00e0 l&#8217;agence BRAINMADE et d\u00e9finit comment nous utilisons, sauvegardons et prot\u00e9geons toutes les informations que vous nous transmettez lorsque vous utilisez notre site internet et nos outils en ligne.Toutes questions concernant notre politique de confidentialit\u00e9 peuvent \u00eatre envoy\u00e9es \u00e0 agency@brainmade.io Qu&#8217;entend-on par donn\u00e9es personnelles ? Selon l\u2019article 1er de [&hellip;]\" \/>\n<meta property=\"og:url\" content=\"https:\/\/www.brainmade.agency\/en\/politique-de-confidentialite\/\" \/>\n<meta property=\"og:site_name\" content=\"Brainmade\" \/>\n<meta property=\"article:modified_time\" content=\"2023-12-21T14:40:03+00:00\" \/>\n<meta name=\"twitter:card\" content=\"summary_large_image\" \/>\n<meta name=\"twitter:label1\" content=\"Est. reading time\" \/>\n\t<meta name=\"twitter:data1\" content=\"5 minutes\" \/>\n<script type=\"application\/ld+json\" class=\"yoast-schema-graph\">{\"@context\":\"https:\\\/\\\/schema.org\",\"@graph\":[{\"@type\":\"WebPage\",\"@id\":\"https:\\\/\\\/www.brainmade.agency\\\/en\\\/politique-de-confidentialite\\\/\",\"url\":\"https:\\\/\\\/www.brainmade.agency\\\/en\\\/politique-de-confidentialite\\\/\",\"name\":\"Politique de confidentialit\u00e9 - Brainmade\",\"isPartOf\":{\"@id\":\"https:\\\/\\\/www.brainmade.agency\\\/en\\\/#website\"},\"datePublished\":\"2023-08-07T07:55:25+00:00\",\"dateModified\":\"2023-12-21T14:40:03+00:00\",\"breadcrumb\":{\"@id\":\"https:\\\/\\\/www.brainmade.agency\\\/en\\\/politique-de-confidentialite\\\/#breadcrumb\"},\"inLanguage\":\"en-US\",\"potentialAction\":[{\"@type\":\"ReadAction\",\"target\":[\"https:\\\/\\\/www.brainmade.agency\\\/en\\\/politique-de-confidentialite\\\/\"]}]},{\"@type\":\"BreadcrumbList\",\"@id\":\"https:\\\/\\\/www.brainmade.agency\\\/en\\\/politique-de-confidentialite\\\/#breadcrumb\",\"itemListElement\":[{\"@type\":\"ListItem\",\"position\":1,\"name\":\"Home\",\"item\":\"https:\\\/\\\/www.brainmade.agency\\\/en\\\/homepage\\\/\"},{\"@type\":\"ListItem\",\"position\":2,\"name\":\"Politique de confidentialit\u00e9\"}]},{\"@type\":\"WebSite\",\"@id\":\"https:\\\/\\\/www.brainmade.agency\\\/en\\\/#website\",\"url\":\"https:\\\/\\\/www.brainmade.agency\\\/en\\\/\",\"name\":\"Brainmade\",\"description\":\"\",\"potentialAction\":[{\"@type\":\"SearchAction\",\"target\":{\"@type\":\"EntryPoint\",\"urlTemplate\":\"https:\\\/\\\/www.brainmade.agency\\\/en\\\/?s={search_term_string}\"},\"query-input\":{\"@type\":\"PropertyValueSpecification\",\"valueRequired\":true,\"valueName\":\"search_term_string\"}}],\"inLanguage\":\"en-US\"}]}<\/script>\n<!-- \/ Yoast SEO plugin. -->","yoast_head_json":{"title":"Politique de confidentialit\u00e9 - Brainmade","robots":{"index":"index","follow":"follow","max-snippet":"max-snippet:-1","max-image-preview":"max-image-preview:large","max-video-preview":"max-video-preview:-1"},"canonical":"https:\/\/www.brainmade.agency\/en\/politique-de-confidentialite\/","og_locale":"en_US","og_type":"article","og_title":"Politique de confidentialit\u00e9 - Brainmade","og_description":"Cette Politique de confidentialit\u00e9 est propre \u00e0 l&#8217;agence BRAINMADE et d\u00e9finit comment nous utilisons, sauvegardons et prot\u00e9geons toutes les informations que vous nous transmettez lorsque vous utilisez notre site internet et nos outils en ligne.Toutes questions concernant notre politique de confidentialit\u00e9 peuvent \u00eatre envoy\u00e9es \u00e0 agency@brainmade.io Qu&#8217;entend-on par donn\u00e9es personnelles ? Selon l\u2019article 1er de [&hellip;]","og_url":"https:\/\/www.brainmade.agency\/en\/politique-de-confidentialite\/","og_site_name":"Brainmade","article_modified_time":"2023-12-21T14:40:03+00:00","twitter_card":"summary_large_image","twitter_misc":{"Est. reading time":"5 minutes"},"schema":{"@context":"https:\/\/schema.org","@graph":[{"@type":"WebPage","@id":"https:\/\/www.brainmade.agency\/en\/politique-de-confidentialite\/","url":"https:\/\/www.brainmade.agency\/en\/politique-de-confidentialite\/","name":"Politique de confidentialit\u00e9 - Brainmade","isPartOf":{"@id":"https:\/\/www.brainmade.agency\/en\/#website"},"datePublished":"2023-08-07T07:55:25+00:00","dateModified":"2023-12-21T14:40:03+00:00","breadcrumb":{"@id":"https:\/\/www.brainmade.agency\/en\/politique-de-confidentialite\/#breadcrumb"},"inLanguage":"en-US","potentialAction":[{"@type":"ReadAction","target":["https:\/\/www.brainmade.agency\/en\/politique-de-confidentialite\/"]}]},{"@type":"BreadcrumbList","@id":"https:\/\/www.brainmade.agency\/en\/politique-de-confidentialite\/#breadcrumb","itemListElement":[{"@type":"ListItem","position":1,"name":"Home","item":"https:\/\/www.brainmade.agency\/en\/homepage\/"},{"@type":"ListItem","position":2,"name":"Politique de confidentialit\u00e9"}]},{"@type":"WebSite","@id":"https:\/\/www.brainmade.agency\/en\/#website","url":"https:\/\/www.brainmade.agency\/en\/","name":"Brainmade","description":"","potentialAction":[{"@type":"SearchAction","target":{"@type":"EntryPoint","urlTemplate":"https:\/\/www.brainmade.agency\/en\/?s={search_term_string}"},"query-input":{"@type":"PropertyValueSpecification","valueRequired":true,"valueName":"search_term_string"}}],"inLanguage":"en-US"}]}},"_links":{"self":[{"href":"https:\/\/www.brainmade.agency\/en\/wp-json\/wp\/v2\/pages\/3","targetHints":{"allow":["GET"]}}],"collection":[{"href":"https:\/\/www.brainmade.agency\/en\/wp-json\/wp\/v2\/pages"}],"about":[{"href":"https:\/\/www.brainmade.agency\/en\/wp-json\/wp\/v2\/types\/page"}],"author":[{"embeddable":true,"href":"https:\/\/www.brainmade.agency\/en\/wp-json\/wp\/v2\/users\/1"}],"replies":[{"embeddable":true,"href":"https:\/\/www.brainmade.agency\/en\/wp-json\/wp\/v2\/comments?post=3"}],"version-history":[{"count":2,"href":"https:\/\/www.brainmade.agency\/en\/wp-json\/wp\/v2\/pages\/3\/revisions"}],"predecessor-version":[{"id":1481,"href":"https:\/\/www.brainmade.agency\/en\/wp-json\/wp\/v2\/pages\/3\/revisions\/1481"}],"wp:attachment":[{"href":"https:\/\/www.brainmade.agency\/en\/wp-json\/wp\/v2\/media?parent=3"}],"curies":[{"name":"wp","href":"https:\/\/api.w.org\/{rel}","templated":true}]}}