{"id":212,"date":"2023-08-07T10:32:59","date_gmt":"2023-08-07T08:32:59","guid":{"rendered":"http:\/\/brainmade-simple.test\/?page_id=212"},"modified":"2023-12-04T13:11:53","modified_gmt":"2023-12-04T12:11:53","slug":"nos-projets","status":"publish","type":"page","link":"https:\/\/www.brainmade.agency\/en\/nos-projets\/","title":{"rendered":"Projets"},"content":{"rendered":"","protected":false},"excerpt":{"rendered":"","protected":false},"author":1,"featured_media":0,"parent":0,"menu_order":0,"comment_status":"closed","ping_status":"closed","template":"template-pages\/template-projets.php","meta":{"_acf_changed":false,"inline_featured_image":false,"footnotes":""},"class_list":["post-212","page","type-page","status-publish","hentry"],"acf":[],"yoast_head":"<!-- This site is optimized with the Yoast SEO plugin v27.5 - https:\/\/yoast.com\/product\/yoast-seo-wordpress\/ -->\n<title>Projets - Brainmade<\/title>\n<meta name=\"description\" content=\"Sp\u00e9cialis\u00e9e en communication, Brainmade est une agence int\u00e9gr\u00e9e de choix pour les (P)ME. D\u00e9couvrez nos clients et projets en cours.\" \/>\n<meta name=\"robots\" content=\"index, follow, max-snippet:-1, max-image-preview:large, max-video-preview:-1\" \/>\n<link rel=\"canonical\" href=\"https:\/\/www.brainmade.agency\/en\/nos-projets\/\" \/>\n<meta property=\"og:locale\" content=\"en_US\" \/>\n<meta property=\"og:type\" content=\"article\" \/>\n<meta property=\"og:title\" content=\"Projets - Brainmade\" \/>\n<meta property=\"og:description\" content=\"Sp\u00e9cialis\u00e9e en communication, Brainmade est une agence int\u00e9gr\u00e9e de choix pour les (P)ME. D\u00e9couvrez nos clients et projets en cours.\" \/>\n<meta property=\"og:url\" content=\"https:\/\/www.brainmade.agency\/en\/nos-projets\/\" \/>\n<meta property=\"og:site_name\" content=\"Brainmade\" \/>\n<meta property=\"article:modified_time\" content=\"2023-12-04T12:11:53+00:00\" \/>\n<meta name=\"twitter:card\" content=\"summary_large_image\" \/>\n<script type=\"application\/ld+json\" class=\"yoast-schema-graph\">{\"@context\":\"https:\\\/\\\/schema.org\",\"@graph\":[{\"@type\":\"WebPage\",\"@id\":\"https:\\\/\\\/www.brainmade.agency\\\/en\\\/nos-projets\\\/\",\"url\":\"https:\\\/\\\/www.brainmade.agency\\\/en\\\/nos-projets\\\/\",\"name\":\"Projets - Brainmade\",\"isPartOf\":{\"@id\":\"https:\\\/\\\/www.brainmade.agency\\\/en\\\/#website\"},\"datePublished\":\"2023-08-07T08:32:59+00:00\",\"dateModified\":\"2023-12-04T12:11:53+00:00\",\"description\":\"Sp\u00e9cialis\u00e9e en communication, Brainmade est une agence int\u00e9gr\u00e9e de choix pour les (P)ME. D\u00e9couvrez nos clients et projets en cours.\",\"breadcrumb\":{\"@id\":\"https:\\\/\\\/www.brainmade.agency\\\/en\\\/nos-projets\\\/#breadcrumb\"},\"inLanguage\":\"en-US\",\"potentialAction\":[{\"@type\":\"ReadAction\",\"target\":[\"https:\\\/\\\/www.brainmade.agency\\\/en\\\/nos-projets\\\/\"]}]},{\"@type\":\"BreadcrumbList\",\"@id\":\"https:\\\/\\\/www.brainmade.agency\\\/en\\\/nos-projets\\\/#breadcrumb\",\"itemListElement\":[{\"@type\":\"ListItem\",\"position\":1,\"name\":\"Home\",\"item\":\"https:\\\/\\\/www.brainmade.agency\\\/en\\\/homepage\\\/\"},{\"@type\":\"ListItem\",\"position\":2,\"name\":\"Projets\"}]},{\"@type\":\"WebSite\",\"@id\":\"https:\\\/\\\/www.brainmade.agency\\\/en\\\/#website\",\"url\":\"https:\\\/\\\/www.brainmade.agency\\\/en\\\/\",\"name\":\"Brainmade\",\"description\":\"\",\"potentialAction\":[{\"@type\":\"SearchAction\",\"target\":{\"@type\":\"EntryPoint\",\"urlTemplate\":\"https:\\\/\\\/www.brainmade.agency\\\/en\\\/?s={search_term_string}\"},\"query-input\":{\"@type\":\"PropertyValueSpecification\",\"valueRequired\":true,\"valueName\":\"search_term_string\"}}],\"inLanguage\":\"en-US\"}]}<\/script>\n<!-- \/ Yoast SEO plugin. -->","yoast_head_json":{"title":"Projets - Brainmade","description":"Sp\u00e9cialis\u00e9e en communication, Brainmade est une agence int\u00e9gr\u00e9e de choix pour les (P)ME. D\u00e9couvrez nos clients et projets en cours.","robots":{"index":"index","follow":"follow","max-snippet":"max-snippet:-1","max-image-preview":"max-image-preview:large","max-video-preview":"max-video-preview:-1"},"canonical":"https:\/\/www.brainmade.agency\/en\/nos-projets\/","og_locale":"en_US","og_type":"article","og_title":"Projets - Brainmade","og_description":"Sp\u00e9cialis\u00e9e en communication, Brainmade est une agence int\u00e9gr\u00e9e de choix pour les (P)ME. D\u00e9couvrez nos clients et projets en cours.","og_url":"https:\/\/www.brainmade.agency\/en\/nos-projets\/","og_site_name":"Brainmade","article_modified_time":"2023-12-04T12:11:53+00:00","twitter_card":"summary_large_image","schema":{"@context":"https:\/\/schema.org","@graph":[{"@type":"WebPage","@id":"https:\/\/www.brainmade.agency\/en\/nos-projets\/","url":"https:\/\/www.brainmade.agency\/en\/nos-projets\/","name":"Projets - Brainmade","isPartOf":{"@id":"https:\/\/www.brainmade.agency\/en\/#website"},"datePublished":"2023-08-07T08:32:59+00:00","dateModified":"2023-12-04T12:11:53+00:00","description":"Sp\u00e9cialis\u00e9e en communication, Brainmade est une agence int\u00e9gr\u00e9e de choix pour les (P)ME. D\u00e9couvrez nos clients et projets en cours.","breadcrumb":{"@id":"https:\/\/www.brainmade.agency\/en\/nos-projets\/#breadcrumb"},"inLanguage":"en-US","potentialAction":[{"@type":"ReadAction","target":["https:\/\/www.brainmade.agency\/en\/nos-projets\/"]}]},{"@type":"BreadcrumbList","@id":"https:\/\/www.brainmade.agency\/en\/nos-projets\/#breadcrumb","itemListElement":[{"@type":"ListItem","position":1,"name":"Home","item":"https:\/\/www.brainmade.agency\/en\/homepage\/"},{"@type":"ListItem","position":2,"name":"Projets"}]},{"@type":"WebSite","@id":"https:\/\/www.brainmade.agency\/en\/#website","url":"https:\/\/www.brainmade.agency\/en\/","name":"Brainmade","description":"","potentialAction":[{"@type":"SearchAction","target":{"@type":"EntryPoint","urlTemplate":"https:\/\/www.brainmade.agency\/en\/?s={search_term_string}"},"query-input":{"@type":"PropertyValueSpecification","valueRequired":true,"valueName":"search_term_string"}}],"inLanguage":"en-US"}]}},"_links":{"self":[{"href":"https:\/\/www.brainmade.agency\/en\/wp-json\/wp\/v2\/pages\/212","targetHints":{"allow":["GET"]}}],"collection":[{"href":"https:\/\/www.brainmade.agency\/en\/wp-json\/wp\/v2\/pages"}],"about":[{"href":"https:\/\/www.brainmade.agency\/en\/wp-json\/wp\/v2\/types\/page"}],"author":[{"embeddable":true,"href":"https:\/\/www.brainmade.agency\/en\/wp-json\/wp\/v2\/users\/1"}],"replies":[{"embeddable":true,"href":"https:\/\/www.brainmade.agency\/en\/wp-json\/wp\/v2\/comments?post=212"}],"version-history":[{"count":3,"href":"https:\/\/www.brainmade.agency\/en\/wp-json\/wp\/v2\/pages\/212\/revisions"}],"predecessor-version":[{"id":1274,"href":"https:\/\/www.brainmade.agency\/en\/wp-json\/wp\/v2\/pages\/212\/revisions\/1274"}],"wp:attachment":[{"href":"https:\/\/www.brainmade.agency\/en\/wp-json\/wp\/v2\/media?parent=212"}],"curies":[{"name":"wp","href":"https:\/\/api.w.org\/{rel}","templated":true}]}}