{"id":1479,"date":"2023-12-21T15:33:04","date_gmt":"2023-12-21T14:33:04","guid":{"rendered":"https:\/\/brainmade.mars.lws-servers.be\/?page_id=1479"},"modified":"2024-07-04T15:55:02","modified_gmt":"2024-07-04T13:55:02","slug":"informations-legales","status":"publish","type":"page","link":"https:\/\/www.brainmade.agency\/en\/informations-legales\/","title":{"rendered":"Informations l\u00e9gales"},"content":{"rendered":"<p>La soci\u00e9t\u00e9 Brainmade est compos\u00e9e des entit\u00e9s suivantes:<\/p>\n<hr \/>\n<h3><strong>Brainmade Agency SRL<\/strong><\/h3>\n<p><strong>Soci\u00e9t\u00e9 \u00e0 responsabilit\u00e9 limit\u00e9e de droit belge.<\/strong><\/p>\n<p><strong>Si\u00e8ge social<\/strong>: Place Pierre Lemarchand 32 , B-4910 Theux<br \/>\n<strong>TVA:<\/strong> BE0810 854 474<\/p>\n<hr \/>\n<p>Toutes questions concernant nos informations l\u00e9gales peuvent \u00eatre envoy\u00e9es \u00e0 agency@brainmade.io<\/p>\n<p><em>Ces informations l\u00e9gales ont \u00e9t\u00e9 adapt\u00e9es en date du 1 juin 2024.<\/em><\/p>\n","protected":false},"excerpt":{"rendered":"<p>La soci\u00e9t\u00e9 Brainmade est compos\u00e9e des entit\u00e9s suivantes: Brainmade Agency SRL Soci\u00e9t\u00e9 \u00e0 responsabilit\u00e9 limit\u00e9e de droit belge. Si\u00e8ge social: Place Pierre Lemarchand 32 , B-4910 Theux TVA: BE0810 854 474 Toutes questions concernant nos informations l\u00e9gales peuvent \u00eatre envoy\u00e9es \u00e0 agency@brainmade.io Ces informations l\u00e9gales ont \u00e9t\u00e9 adapt\u00e9es en date du 1 juin 2024.<\/p>\n","protected":false},"author":1,"featured_media":0,"parent":0,"menu_order":0,"comment_status":"closed","ping_status":"closed","template":"template-pages\/template-mentions.php","meta":{"_acf_changed":false,"inline_featured_image":false,"footnotes":""},"class_list":["post-1479","page","type-page","status-publish","hentry"],"acf":[],"yoast_head":"<!-- This site is optimized with the Yoast SEO plugin v27.5 - https:\/\/yoast.com\/product\/yoast-seo-wordpress\/ -->\n<title>Informations l\u00e9gales - Brainmade<\/title>\n<meta name=\"robots\" content=\"index, follow, max-snippet:-1, max-image-preview:large, max-video-preview:-1\" \/>\n<link rel=\"canonical\" href=\"https:\/\/www.brainmade.agency\/en\/informations-legales\/\" \/>\n<meta property=\"og:locale\" content=\"en_US\" \/>\n<meta property=\"og:type\" content=\"article\" \/>\n<meta property=\"og:title\" content=\"Informations l\u00e9gales - Brainmade\" \/>\n<meta property=\"og:description\" content=\"La soci\u00e9t\u00e9 Brainmade est compos\u00e9e des entit\u00e9s suivantes: Brainmade Agency SRL Soci\u00e9t\u00e9 \u00e0 responsabilit\u00e9 limit\u00e9e de droit belge. Si\u00e8ge social: Place Pierre Lemarchand 32 , B-4910 Theux TVA: BE0810 854 474 Toutes questions concernant nos informations l\u00e9gales peuvent \u00eatre envoy\u00e9es \u00e0 agency@brainmade.io Ces informations l\u00e9gales ont \u00e9t\u00e9 adapt\u00e9es en date du 1 juin 2024.\" \/>\n<meta property=\"og:url\" content=\"https:\/\/www.brainmade.agency\/en\/informations-legales\/\" \/>\n<meta property=\"og:site_name\" content=\"Brainmade\" \/>\n<meta property=\"article:modified_time\" content=\"2024-07-04T13:55:02+00:00\" \/>\n<meta name=\"twitter:card\" content=\"summary_large_image\" \/>\n<meta name=\"twitter:label1\" content=\"Est. reading time\" \/>\n\t<meta name=\"twitter:data1\" content=\"1 minute\" \/>\n<script type=\"application\/ld+json\" class=\"yoast-schema-graph\">{\"@context\":\"https:\\\/\\\/schema.org\",\"@graph\":[{\"@type\":\"WebPage\",\"@id\":\"https:\\\/\\\/www.brainmade.agency\\\/en\\\/informations-legales\\\/\",\"url\":\"https:\\\/\\\/www.brainmade.agency\\\/en\\\/informations-legales\\\/\",\"name\":\"Informations l\u00e9gales - Brainmade\",\"isPartOf\":{\"@id\":\"https:\\\/\\\/www.brainmade.agency\\\/en\\\/#website\"},\"datePublished\":\"2023-12-21T14:33:04+00:00\",\"dateModified\":\"2024-07-04T13:55:02+00:00\",\"breadcrumb\":{\"@id\":\"https:\\\/\\\/www.brainmade.agency\\\/en\\\/informations-legales\\\/#breadcrumb\"},\"inLanguage\":\"en-US\",\"potentialAction\":[{\"@type\":\"ReadAction\",\"target\":[\"https:\\\/\\\/www.brainmade.agency\\\/en\\\/informations-legales\\\/\"]}]},{\"@type\":\"BreadcrumbList\",\"@id\":\"https:\\\/\\\/www.brainmade.agency\\\/en\\\/informations-legales\\\/#breadcrumb\",\"itemListElement\":[{\"@type\":\"ListItem\",\"position\":1,\"name\":\"Home\",\"item\":\"https:\\\/\\\/www.brainmade.agency\\\/en\\\/homepage\\\/\"},{\"@type\":\"ListItem\",\"position\":2,\"name\":\"Informations l\u00e9gales\"}]},{\"@type\":\"WebSite\",\"@id\":\"https:\\\/\\\/www.brainmade.agency\\\/en\\\/#website\",\"url\":\"https:\\\/\\\/www.brainmade.agency\\\/en\\\/\",\"name\":\"Brainmade\",\"description\":\"\",\"potentialAction\":[{\"@type\":\"SearchAction\",\"target\":{\"@type\":\"EntryPoint\",\"urlTemplate\":\"https:\\\/\\\/www.brainmade.agency\\\/en\\\/?s={search_term_string}\"},\"query-input\":{\"@type\":\"PropertyValueSpecification\",\"valueRequired\":true,\"valueName\":\"search_term_string\"}}],\"inLanguage\":\"en-US\"}]}<\/script>\n<!-- \/ Yoast SEO plugin. -->","yoast_head_json":{"title":"Informations l\u00e9gales - Brainmade","robots":{"index":"index","follow":"follow","max-snippet":"max-snippet:-1","max-image-preview":"max-image-preview:large","max-video-preview":"max-video-preview:-1"},"canonical":"https:\/\/www.brainmade.agency\/en\/informations-legales\/","og_locale":"en_US","og_type":"article","og_title":"Informations l\u00e9gales - Brainmade","og_description":"La soci\u00e9t\u00e9 Brainmade est compos\u00e9e des entit\u00e9s suivantes: Brainmade Agency SRL Soci\u00e9t\u00e9 \u00e0 responsabilit\u00e9 limit\u00e9e de droit belge. Si\u00e8ge social: Place Pierre Lemarchand 32 , B-4910 Theux TVA: BE0810 854 474 Toutes questions concernant nos informations l\u00e9gales peuvent \u00eatre envoy\u00e9es \u00e0 agency@brainmade.io Ces informations l\u00e9gales ont \u00e9t\u00e9 adapt\u00e9es en date du 1 juin 2024.","og_url":"https:\/\/www.brainmade.agency\/en\/informations-legales\/","og_site_name":"Brainmade","article_modified_time":"2024-07-04T13:55:02+00:00","twitter_card":"summary_large_image","twitter_misc":{"Est. reading time":"1 minute"},"schema":{"@context":"https:\/\/schema.org","@graph":[{"@type":"WebPage","@id":"https:\/\/www.brainmade.agency\/en\/informations-legales\/","url":"https:\/\/www.brainmade.agency\/en\/informations-legales\/","name":"Informations l\u00e9gales - Brainmade","isPartOf":{"@id":"https:\/\/www.brainmade.agency\/en\/#website"},"datePublished":"2023-12-21T14:33:04+00:00","dateModified":"2024-07-04T13:55:02+00:00","breadcrumb":{"@id":"https:\/\/www.brainmade.agency\/en\/informations-legales\/#breadcrumb"},"inLanguage":"en-US","potentialAction":[{"@type":"ReadAction","target":["https:\/\/www.brainmade.agency\/en\/informations-legales\/"]}]},{"@type":"BreadcrumbList","@id":"https:\/\/www.brainmade.agency\/en\/informations-legales\/#breadcrumb","itemListElement":[{"@type":"ListItem","position":1,"name":"Home","item":"https:\/\/www.brainmade.agency\/en\/homepage\/"},{"@type":"ListItem","position":2,"name":"Informations l\u00e9gales"}]},{"@type":"WebSite","@id":"https:\/\/www.brainmade.agency\/en\/#website","url":"https:\/\/www.brainmade.agency\/en\/","name":"Brainmade","description":"","potentialAction":[{"@type":"SearchAction","target":{"@type":"EntryPoint","urlTemplate":"https:\/\/www.brainmade.agency\/en\/?s={search_term_string}"},"query-input":{"@type":"PropertyValueSpecification","valueRequired":true,"valueName":"search_term_string"}}],"inLanguage":"en-US"}]}},"_links":{"self":[{"href":"https:\/\/www.brainmade.agency\/en\/wp-json\/wp\/v2\/pages\/1479","targetHints":{"allow":["GET"]}}],"collection":[{"href":"https:\/\/www.brainmade.agency\/en\/wp-json\/wp\/v2\/pages"}],"about":[{"href":"https:\/\/www.brainmade.agency\/en\/wp-json\/wp\/v2\/types\/page"}],"author":[{"embeddable":true,"href":"https:\/\/www.brainmade.agency\/en\/wp-json\/wp\/v2\/users\/1"}],"replies":[{"embeddable":true,"href":"https:\/\/www.brainmade.agency\/en\/wp-json\/wp\/v2\/comments?post=1479"}],"version-history":[{"count":3,"href":"https:\/\/www.brainmade.agency\/en\/wp-json\/wp\/v2\/pages\/1479\/revisions"}],"predecessor-version":[{"id":2894,"href":"https:\/\/www.brainmade.agency\/en\/wp-json\/wp\/v2\/pages\/1479\/revisions\/2894"}],"wp:attachment":[{"href":"https:\/\/www.brainmade.agency\/en\/wp-json\/wp\/v2\/media?parent=1479"}],"curies":[{"name":"wp","href":"https:\/\/api.w.org\/{rel}","templated":true}]}}