{"id":337,"date":"2023-08-07T10:32:20","date_gmt":"2023-08-07T08:32:20","guid":{"rendered":"http:\/\/brainmade-simple.test\/lagence\/"},"modified":"2025-11-27T10:37:01","modified_gmt":"2025-11-27T09:37:01","slug":"agence-brainmade-personnel","status":"publish","type":"page","link":"https:\/\/www.brainmade.agency\/de\/agence-brainmade-personnel\/","title":{"rendered":"L&#8217;agence"},"content":{"rendered":"","protected":false},"excerpt":{"rendered":"","protected":false},"author":1,"featured_media":0,"parent":0,"menu_order":0,"comment_status":"closed","ping_status":"closed","template":"template-pages\/template-agence.php","meta":{"_acf_changed":false,"inline_featured_image":false,"footnotes":""},"class_list":["post-337","page","type-page","status-publish","hentry"],"acf":[],"yoast_head":"<!-- This site is optimized with the Yoast SEO plugin v27.5 - https:\/\/yoast.com\/product\/yoast-seo-wordpress\/ -->\n<title>L&#039;agence - Brainmade<\/title>\n<meta name=\"description\" content=\"D\u00e9couvrez l&#039;\u00e9quipe qui se cache derri\u00e8re Brainmade ! Une agence \u00e0 taille humaine, compos\u00e9e de graphistes et project managers.\" \/>\n<meta name=\"robots\" content=\"index, follow, max-snippet:-1, max-image-preview:large, max-video-preview:-1\" \/>\n<link rel=\"canonical\" href=\"https:\/\/www.brainmade.agency\/de\/agence-brainmade-personnel\/\" \/>\n<meta property=\"og:locale\" content=\"de_DE\" \/>\n<meta property=\"og:type\" content=\"article\" \/>\n<meta property=\"og:title\" content=\"L&#039;agence - Brainmade\" \/>\n<meta property=\"og:description\" content=\"D\u00e9couvrez l&#039;\u00e9quipe qui se cache derri\u00e8re Brainmade ! Une agence \u00e0 taille humaine, compos\u00e9e de graphistes et project managers.\" \/>\n<meta property=\"og:url\" content=\"https:\/\/www.brainmade.agency\/de\/agence-brainmade-personnel\/\" \/>\n<meta property=\"og:site_name\" content=\"Brainmade\" \/>\n<meta property=\"article:modified_time\" content=\"2025-11-27T09:37:01+00:00\" \/>\n<meta name=\"twitter:card\" content=\"summary_large_image\" \/>\n<meta name=\"twitter:label1\" content=\"Est. reading time\" \/>\n\t<meta name=\"twitter:data1\" content=\"10 minutes\" \/>\n<script type=\"application\/ld+json\" class=\"yoast-schema-graph\">{\"@context\":\"https:\\\/\\\/schema.org\",\"@graph\":[{\"@type\":\"WebPage\",\"@id\":\"https:\\\/\\\/www.brainmade.agency\\\/de\\\/agence-brainmade-personnel\\\/\",\"url\":\"https:\\\/\\\/www.brainmade.agency\\\/de\\\/agence-brainmade-personnel\\\/\",\"name\":\"L'agence - Brainmade\",\"isPartOf\":{\"@id\":\"https:\\\/\\\/www.brainmade.agency\\\/de\\\/#website\"},\"datePublished\":\"2023-08-07T08:32:20+00:00\",\"dateModified\":\"2025-11-27T09:37:01+00:00\",\"description\":\"D\u00e9couvrez l'\u00e9quipe qui se cache derri\u00e8re Brainmade ! Une agence \u00e0 taille humaine, compos\u00e9e de graphistes et project managers.\",\"breadcrumb\":{\"@id\":\"https:\\\/\\\/www.brainmade.agency\\\/de\\\/agence-brainmade-personnel\\\/#breadcrumb\"},\"inLanguage\":\"de-DE\",\"potentialAction\":[{\"@type\":\"ReadAction\",\"target\":[\"https:\\\/\\\/www.brainmade.agency\\\/de\\\/agence-brainmade-personnel\\\/\"]}]},{\"@type\":\"BreadcrumbList\",\"@id\":\"https:\\\/\\\/www.brainmade.agency\\\/de\\\/agence-brainmade-personnel\\\/#breadcrumb\",\"itemListElement\":[{\"@type\":\"ListItem\",\"position\":1,\"name\":\"Home\",\"item\":\"https:\\\/\\\/www.brainmade.agency\\\/de\\\/\"},{\"@type\":\"ListItem\",\"position\":2,\"name\":\"L&#8217;agence\"}]},{\"@type\":\"WebSite\",\"@id\":\"https:\\\/\\\/www.brainmade.agency\\\/de\\\/#website\",\"url\":\"https:\\\/\\\/www.brainmade.agency\\\/de\\\/\",\"name\":\"Brainmade\",\"description\":\"\",\"potentialAction\":[{\"@type\":\"SearchAction\",\"target\":{\"@type\":\"EntryPoint\",\"urlTemplate\":\"https:\\\/\\\/www.brainmade.agency\\\/de\\\/?s={search_term_string}\"},\"query-input\":{\"@type\":\"PropertyValueSpecification\",\"valueRequired\":true,\"valueName\":\"search_term_string\"}}],\"inLanguage\":\"de-DE\"}]}<\/script>\n<!-- \/ Yoast SEO plugin. -->","yoast_head_json":{"title":"L'agence - Brainmade","description":"D\u00e9couvrez l'\u00e9quipe qui se cache derri\u00e8re Brainmade ! Une agence \u00e0 taille humaine, compos\u00e9e de graphistes et project managers.","robots":{"index":"index","follow":"follow","max-snippet":"max-snippet:-1","max-image-preview":"max-image-preview:large","max-video-preview":"max-video-preview:-1"},"canonical":"https:\/\/www.brainmade.agency\/de\/agence-brainmade-personnel\/","og_locale":"de_DE","og_type":"article","og_title":"L'agence - Brainmade","og_description":"D\u00e9couvrez l'\u00e9quipe qui se cache derri\u00e8re Brainmade ! Une agence \u00e0 taille humaine, compos\u00e9e de graphistes et project managers.","og_url":"https:\/\/www.brainmade.agency\/de\/agence-brainmade-personnel\/","og_site_name":"Brainmade","article_modified_time":"2025-11-27T09:37:01+00:00","twitter_card":"summary_large_image","twitter_misc":{"Est. reading time":"10 minutes"},"schema":{"@context":"https:\/\/schema.org","@graph":[{"@type":"WebPage","@id":"https:\/\/www.brainmade.agency\/de\/agence-brainmade-personnel\/","url":"https:\/\/www.brainmade.agency\/de\/agence-brainmade-personnel\/","name":"L'agence - Brainmade","isPartOf":{"@id":"https:\/\/www.brainmade.agency\/de\/#website"},"datePublished":"2023-08-07T08:32:20+00:00","dateModified":"2025-11-27T09:37:01+00:00","description":"D\u00e9couvrez l'\u00e9quipe qui se cache derri\u00e8re Brainmade ! Une agence \u00e0 taille humaine, compos\u00e9e de graphistes et project managers.","breadcrumb":{"@id":"https:\/\/www.brainmade.agency\/de\/agence-brainmade-personnel\/#breadcrumb"},"inLanguage":"de-DE","potentialAction":[{"@type":"ReadAction","target":["https:\/\/www.brainmade.agency\/de\/agence-brainmade-personnel\/"]}]},{"@type":"BreadcrumbList","@id":"https:\/\/www.brainmade.agency\/de\/agence-brainmade-personnel\/#breadcrumb","itemListElement":[{"@type":"ListItem","position":1,"name":"Home","item":"https:\/\/www.brainmade.agency\/de\/"},{"@type":"ListItem","position":2,"name":"L&#8217;agence"}]},{"@type":"WebSite","@id":"https:\/\/www.brainmade.agency\/de\/#website","url":"https:\/\/www.brainmade.agency\/de\/","name":"Brainmade","description":"","potentialAction":[{"@type":"SearchAction","target":{"@type":"EntryPoint","urlTemplate":"https:\/\/www.brainmade.agency\/de\/?s={search_term_string}"},"query-input":{"@type":"PropertyValueSpecification","valueRequired":true,"valueName":"search_term_string"}}],"inLanguage":"de-DE"}]}},"_links":{"self":[{"href":"https:\/\/www.brainmade.agency\/de\/wp-json\/wp\/v2\/pages\/337","targetHints":{"allow":["GET"]}}],"collection":[{"href":"https:\/\/www.brainmade.agency\/de\/wp-json\/wp\/v2\/pages"}],"about":[{"href":"https:\/\/www.brainmade.agency\/de\/wp-json\/wp\/v2\/types\/page"}],"author":[{"embeddable":true,"href":"https:\/\/www.brainmade.agency\/de\/wp-json\/wp\/v2\/users\/1"}],"replies":[{"embeddable":true,"href":"https:\/\/www.brainmade.agency\/de\/wp-json\/wp\/v2\/comments?post=337"}],"version-history":[{"count":19,"href":"https:\/\/www.brainmade.agency\/de\/wp-json\/wp\/v2\/pages\/337\/revisions"}],"predecessor-version":[{"id":13062,"href":"https:\/\/www.brainmade.agency\/de\/wp-json\/wp\/v2\/pages\/337\/revisions\/13062"}],"wp:attachment":[{"href":"https:\/\/www.brainmade.agency\/de\/wp-json\/wp\/v2\/media?parent=337"}],"curies":[{"name":"wp","href":"https:\/\/api.w.org\/{rel}","templated":true}]}}