{"id":332,"date":"2023-08-07T10:26:11","date_gmt":"2023-08-07T08:26:11","guid":{"rendered":"http:\/\/brainmade-simple.test\/homepage\/"},"modified":"2023-12-22T10:49:16","modified_gmt":"2023-12-22T09:49:16","slug":"homepage","status":"publish","type":"page","link":"https:\/\/www.brainmade.agency\/de\/","title":{"rendered":"Homepage"},"content":{"rendered":"","protected":false},"excerpt":{"rendered":"","protected":false},"author":1,"featured_media":0,"parent":0,"menu_order":0,"comment_status":"closed","ping_status":"closed","template":"template-pages\/template-home.php","meta":{"_acf_changed":false,"inline_featured_image":false,"footnotes":""},"class_list":["post-332","page","type-page","status-publish","hentry"],"acf":[],"yoast_head":"<!-- This site is optimized with the Yoast SEO plugin v27.5 - https:\/\/yoast.com\/product\/yoast-seo-wordpress\/ -->\n<title>Homepage - Brainmade<\/title>\n<meta name=\"description\" content=\"Bienvenue chez Brainmade ! Sp\u00e9cialis\u00e9e en communication, proximit\u00e9, efficacit\u00e9 et cr\u00e9a(c)tivit\u00e9 sont les moteurs de nos activit\u00e9s.\" \/>\n<meta name=\"robots\" content=\"index, follow, max-snippet:-1, max-image-preview:large, max-video-preview:-1\" \/>\n<link rel=\"canonical\" href=\"https:\/\/www.brainmade.agency\/de\/\" \/>\n<meta property=\"og:locale\" content=\"de_DE\" \/>\n<meta property=\"og:type\" content=\"article\" \/>\n<meta property=\"og:title\" content=\"Homepage - Brainmade\" \/>\n<meta property=\"og:description\" content=\"Bienvenue chez Brainmade ! Sp\u00e9cialis\u00e9e en communication, proximit\u00e9, efficacit\u00e9 et cr\u00e9a(c)tivit\u00e9 sont les moteurs de nos activit\u00e9s.\" \/>\n<meta property=\"og:url\" content=\"https:\/\/www.brainmade.agency\/de\/\" \/>\n<meta property=\"og:site_name\" content=\"Brainmade\" \/>\n<meta property=\"article:modified_time\" content=\"2023-12-22T09:49:16+00:00\" \/>\n<meta name=\"twitter:card\" content=\"summary_large_image\" \/>\n<script type=\"application\/ld+json\" class=\"yoast-schema-graph\">{\"@context\":\"https:\\\/\\\/schema.org\",\"@graph\":[{\"@type\":\"WebPage\",\"@id\":\"https:\\\/\\\/www.brainmade.agency\\\/de\\\/\",\"url\":\"https:\\\/\\\/www.brainmade.agency\\\/de\\\/\",\"name\":\"Homepage - Brainmade\",\"isPartOf\":{\"@id\":\"https:\\\/\\\/www.brainmade.agency\\\/de\\\/#website\"},\"datePublished\":\"2023-08-07T08:26:11+00:00\",\"dateModified\":\"2023-12-22T09:49:16+00:00\",\"description\":\"Bienvenue chez Brainmade ! Sp\u00e9cialis\u00e9e en communication, proximit\u00e9, efficacit\u00e9 et cr\u00e9a(c)tivit\u00e9 sont les moteurs de nos activit\u00e9s.\",\"breadcrumb\":{\"@id\":\"https:\\\/\\\/www.brainmade.agency\\\/de\\\/#breadcrumb\"},\"inLanguage\":\"de-DE\",\"potentialAction\":[{\"@type\":\"ReadAction\",\"target\":[\"https:\\\/\\\/www.brainmade.agency\\\/de\\\/\"]}]},{\"@type\":\"BreadcrumbList\",\"@id\":\"https:\\\/\\\/www.brainmade.agency\\\/de\\\/#breadcrumb\",\"itemListElement\":[{\"@type\":\"ListItem\",\"position\":1,\"name\":\"Home\",\"item\":\"https:\\\/\\\/www.brainmade.agency\\\/de\\\/\"},{\"@type\":\"ListItem\",\"position\":2,\"name\":\"Homepage\"}]},{\"@type\":\"WebSite\",\"@id\":\"https:\\\/\\\/www.brainmade.agency\\\/de\\\/#website\",\"url\":\"https:\\\/\\\/www.brainmade.agency\\\/de\\\/\",\"name\":\"Brainmade\",\"description\":\"\",\"potentialAction\":[{\"@type\":\"SearchAction\",\"target\":{\"@type\":\"EntryPoint\",\"urlTemplate\":\"https:\\\/\\\/www.brainmade.agency\\\/de\\\/?s={search_term_string}\"},\"query-input\":{\"@type\":\"PropertyValueSpecification\",\"valueRequired\":true,\"valueName\":\"search_term_string\"}}],\"inLanguage\":\"de-DE\"}]}<\/script>\n<!-- \/ Yoast SEO plugin. -->","yoast_head_json":{"title":"Homepage - Brainmade","description":"Bienvenue chez Brainmade ! Sp\u00e9cialis\u00e9e en communication, proximit\u00e9, efficacit\u00e9 et cr\u00e9a(c)tivit\u00e9 sont les moteurs de nos activit\u00e9s.","robots":{"index":"index","follow":"follow","max-snippet":"max-snippet:-1","max-image-preview":"max-image-preview:large","max-video-preview":"max-video-preview:-1"},"canonical":"https:\/\/www.brainmade.agency\/de\/","og_locale":"de_DE","og_type":"article","og_title":"Homepage - Brainmade","og_description":"Bienvenue chez Brainmade ! Sp\u00e9cialis\u00e9e en communication, proximit\u00e9, efficacit\u00e9 et cr\u00e9a(c)tivit\u00e9 sont les moteurs de nos activit\u00e9s.","og_url":"https:\/\/www.brainmade.agency\/de\/","og_site_name":"Brainmade","article_modified_time":"2023-12-22T09:49:16+00:00","twitter_card":"summary_large_image","schema":{"@context":"https:\/\/schema.org","@graph":[{"@type":"WebPage","@id":"https:\/\/www.brainmade.agency\/de\/","url":"https:\/\/www.brainmade.agency\/de\/","name":"Homepage - Brainmade","isPartOf":{"@id":"https:\/\/www.brainmade.agency\/de\/#website"},"datePublished":"2023-08-07T08:26:11+00:00","dateModified":"2023-12-22T09:49:16+00:00","description":"Bienvenue chez Brainmade ! Sp\u00e9cialis\u00e9e en communication, proximit\u00e9, efficacit\u00e9 et cr\u00e9a(c)tivit\u00e9 sont les moteurs de nos activit\u00e9s.","breadcrumb":{"@id":"https:\/\/www.brainmade.agency\/de\/#breadcrumb"},"inLanguage":"de-DE","potentialAction":[{"@type":"ReadAction","target":["https:\/\/www.brainmade.agency\/de\/"]}]},{"@type":"BreadcrumbList","@id":"https:\/\/www.brainmade.agency\/de\/#breadcrumb","itemListElement":[{"@type":"ListItem","position":1,"name":"Home","item":"https:\/\/www.brainmade.agency\/de\/"},{"@type":"ListItem","position":2,"name":"Homepage"}]},{"@type":"WebSite","@id":"https:\/\/www.brainmade.agency\/de\/#website","url":"https:\/\/www.brainmade.agency\/de\/","name":"Brainmade","description":"","potentialAction":[{"@type":"SearchAction","target":{"@type":"EntryPoint","urlTemplate":"https:\/\/www.brainmade.agency\/de\/?s={search_term_string}"},"query-input":{"@type":"PropertyValueSpecification","valueRequired":true,"valueName":"search_term_string"}}],"inLanguage":"de-DE"}]}},"_links":{"self":[{"href":"https:\/\/www.brainmade.agency\/de\/wp-json\/wp\/v2\/pages\/332","targetHints":{"allow":["GET"]}}],"collection":[{"href":"https:\/\/www.brainmade.agency\/de\/wp-json\/wp\/v2\/pages"}],"about":[{"href":"https:\/\/www.brainmade.agency\/de\/wp-json\/wp\/v2\/types\/page"}],"author":[{"embeddable":true,"href":"https:\/\/www.brainmade.agency\/de\/wp-json\/wp\/v2\/users\/1"}],"replies":[{"embeddable":true,"href":"https:\/\/www.brainmade.agency\/de\/wp-json\/wp\/v2\/comments?post=332"}],"version-history":[{"count":6,"href":"https:\/\/www.brainmade.agency\/de\/wp-json\/wp\/v2\/pages\/332\/revisions"}],"predecessor-version":[{"id":1485,"href":"https:\/\/www.brainmade.agency\/de\/wp-json\/wp\/v2\/pages\/332\/revisions\/1485"}],"wp:attachment":[{"href":"https:\/\/www.brainmade.agency\/de\/wp-json\/wp\/v2\/media?parent=332"}],"curies":[{"name":"wp","href":"https:\/\/api.w.org\/{rel}","templated":true}]}}